{"id":2416,"date":"2025-11-08T19:55:15","date_gmt":"2025-11-08T19:55:15","guid":{"rendered":"https:\/\/mandalacosmicaelita.com\/?page_id=2416"},"modified":"2025-12-02T23:20:25","modified_gmt":"2025-12-02T23:20:25","slug":"mujeres-en-esencia","status":"publish","type":"page","link":"https:\/\/mandalacosmicaelita.com\/index.php\/mujeres-en-esencia\/","title":{"rendered":"Full Day Mujeres en Esencia"},"content":{"rendered":"\n<p style=\"font-size:30px\"><strong><em>ELIZABETH CANALES ASTROZA<\/em><\/strong>&nbsp;<\/p>\n\n\n\n<p class=\"has-text-align-center\" style=\"font-size:30px\"><strong><em>FULL DAY MUJERES EN ESENCIA<\/em><\/strong><\/p>\n\n\n\n<p class=\"has-text-align-center\" style=\"font-size:28px\"><strong><em>Verse y sentirse bien por dentro y por fuera<\/em><\/strong><\/p>\n\n\n\n<blockquote class=\"wp-block-quote has-x-large-font-size is-layout-flow wp-block-quote-is-layout-flow\" style=\"border-style:none;border-width:0px;margin-top:0;margin-bottom:0\">\n<p><\/p>\n<\/blockquote>\n\n\n\n<p class=\"has-medium-font-size\"><strong><em>PROGRAMA DE ACTIVIDADES:<\/em><\/strong><\/p>\n\n\n\n<p><strong><em>10:00 a 10:30 &#8211; RECEPCI\u00d3N DE BIENVENIDA<\/em><\/strong><em>. Coffee Snack.<\/em><\/p>\n\n\n\n<p><strong><em>10:30 a 11:00  &#8211; PRESENTACI\u00d3N INDIVIDUAL.<\/em><\/strong><\/p>\n\n\n\n<p><strong><em>11:00 a 12:30  &#8211; RECONEXI\u00d3N A TU SER INTEGRAL&nbsp;<\/em><\/strong><em>que involucra todos tus aspectos: f\u00edsicos, psicol\u00f3gicos, emocionales y espirituales. (no religiosos).<\/em><\/p>\n\n\n\n<p><strong><em>12:30 a 13:00 &#8211; MICR\u00d3FONO ABIERTO.&nbsp;<\/em><\/strong><em>Comentarios, aprendizajes, experiencias recibidas.<\/em><\/p>\n\n\n\n<p><strong><em><strong><em>13:00 a 14:30 &#8211; <\/em><\/strong>ALMUERZO EJECUTIVO Y ACTIVIDADES DE LIBRE ELECCI\u00d3N&nbsp;<\/em><\/strong><em>(Men\u00fa servido en los comedores&nbsp;&nbsp;&nbsp;del hotel sin costo adicional)<\/em><\/p>\n\n\n\n<p><strong><em>14:30 a 15:30 &#8211; TALLER DE&nbsp;HO OPONOPONO INTERACTIVO:&nbsp;<\/em><\/strong><em>Enfrentando y venciendo tus Miedos.<\/em><\/p>\n\n\n\n<p><strong><em>15:30 a 16:00 &#8211; TALLER DE RISOTERAPIA INTERACTIVO<\/em><\/strong><em>: Haz de tu risa una herramienta de salud, alegr\u00eda y bienestar general.<\/em><\/p>\n\n\n\n<p><strong><em>16:00 a 17:00 &#8211; TALLER INTERACTIVO&nbsp;DE&nbsp;ESTIMULACI\u00d3N FEMENINA F\u00cdSICA Y EMOCIONAL: &nbsp;&nbsp;<\/em><\/strong><em>Aplicaciones de automasajes faciales&nbsp;reafirmantes y estimulantes de los sistemas circulatorios y nerviosos y aprender a conectarnos con el bienestar de otros \u00f3rganos desde la cara.<\/em><\/p>\n\n\n\n<p><strong><em>17:00 a 17:30 &#8211; COFFE BREAK<\/em><\/strong><\/p>\n\n\n\n<p><strong><em>17:30 a 18:30 &#8211; TERAPIA DE ROSAS:&nbsp;<\/em><\/strong><em>Despertar tus sentidos \u00edntimos de mujer para&nbsp;elegir&nbsp;el bienestar, la abundancia, el gozo, la salud, el amor y la paz.<\/em><\/p>\n\n\n\n<p><strong><em>18:30 a 18:45 &#8211; TRABAJO DE CIERRE PERSONAL.&nbsp;&nbsp;<\/em><\/strong><em>Cada participante escribir\u00e1 su experiencia en FULL DAY MUJERES EN ESENCIA.<\/em><\/p>\n\n\n\n<p><strong><em>18:45 a 19:30 &#8211; MICR\u00d3FONO ABIERTO.&nbsp;<\/em><\/strong><em>Comentarios, aprendizajes, experiencias recibidas.<\/em><\/p>\n\n\n\n<h4 class=\"wp-block-heading has-luminous-vivid-amber-color has-text-color has-link-color wp-elements-bbcb28eb526197fe5581ea564a1c7237\"><strong><em>VALOR DE LA JORNADA<\/em><\/strong><\/h4>\n\n\n\n<ul class=\"wp-block-list\">\n<li><strong><em>Taller  &#8211; RECONEXI\u00d3N A TU SER INTEGRAL&nbsp;<\/em><\/strong><em>&#8211; $100.000.-<\/em><\/li>\n\n\n\n<li><strong><em>Actividad &#8211; <\/em><\/strong> <strong><em>ALMUERZO EJECUTIVO<\/em><\/strong> &#8211; <em>$30.000.-<\/em><\/li>\n\n\n\n<li><strong><em>Taller  &#8211; <\/em><\/strong><strong><em>RISOTERAPIA INTERACTIVO&nbsp;<\/em><\/strong><em>&#8211; $60.000.-<\/em><\/li>\n\n\n\n<li><strong><em>Taller  &#8211; <\/em><\/strong><strong><em>TERAPIA DE ROSAS&nbsp;<\/em><\/strong><em>&#8211; $90.000.-<\/em><\/li>\n\n\n\n<li><strong><em>Taller  &#8211; <\/em><\/strong> <strong><em>HO OPONOPONO INTERACTIVO&nbsp;<\/em><\/strong><em>&#8211; $90.000.-<\/em><\/li>\n\n\n\n<li><strong><em>Taller  &#8211; <\/em><\/strong> <strong><em>INTERACTIVO&nbsp;DE&nbsp;ESTIMULACI\u00d3N FEMENINA F\u00cdSICA Y EMOCIONAL&nbsp;<\/em><\/strong><em>&#8211; $100.000.-<\/em><\/li>\n\n\n\n<li><strong><em>TOTAL &#8211; <\/em><\/strong> <em><s>$470.000<\/s>.-<\/em><\/li>\n<\/ul>\n\n\n\n<p><strong><em>VALOR JORNADA<\/em><\/strong><em>\u00a0p\/p $ 250.000.- (doscientos cincuenta mil pesos)<\/em><\/p>\n\n\n\n<p><strong><em>EXPOSITORA<\/em><\/strong>: <strong><em>ELIZABETH CANALES ASTROZA<\/em><\/strong><\/p>\n\n\n\n<p><em>SANADORA ENERG\u00c9TICA VIBRACIONAL C\u00daANTICA<\/em> &#8211; <em>COACH ONTOL\u00d3GICA<\/em> &#8211; C<em>OACH DE VIDA<\/em> &#8211; <em>ESCRITORA<\/em> &#8211; <em>CONFERENCISTA<\/em><\/p>\n\n\n\n<p><strong><em>CONSULTAS E INSCRIPCIONES<\/em>: WhatsApp +56 9 857 522 18<\/strong><\/p>\n\n\n\n<p>Email&nbsp;<a href=\"mailto:ecanalesa999@gmail.com\" target=\"_blank\" rel=\"noreferrer noopener\">ecanalesa999@gmail.com<\/a><\/p>\n\n\n\n<div style=\"height:80px\" aria-hidden=\"true\" class=\"wp-block-spacer\"><\/div>\n\n\n\n<p style=\"font-size:30px\"><strong><em>SANADORA ENERG\u00c9TICA&nbsp;C\u00daANTICA<\/em><\/strong>&nbsp;<\/p>\n\n\n\n<p class=\"has-luminous-vivid-amber-color has-text-color has-link-color has-medium-font-size wp-elements-dc406b69a2774ce3e68bc77f2902b381\"><strong><em>\u00bfC\u00d3MO ME TRANSFORM\u00c9 EN UNA&nbsp;SANADORA ENERG\u00c9TICA&nbsp;C\u00daANTICA?<\/em><\/strong>&nbsp;<\/p>\n\n\n\n\n\n<p><strong><em>A partir de la condici\u00f3n de SER HUMANO,&nbsp;que no se estudia en ninguna&nbsp;Universidad&nbsp;del mundo,&nbsp;la \u00fanica Universidad son las propias experiencias de vida, con todos&nbsp;tus aprendizajes&nbsp;y por sobre todo&nbsp;con&nbsp;un coraz\u00f3n muy abierto a las instrucciones&nbsp;que recibes&nbsp;permanentemente de&nbsp;TU ALMA que es donde reside la&nbsp;ESENCIA&nbsp;DE&nbsp;TU&nbsp;SER.<\/em><\/strong>&nbsp;<\/p>\n\n\n<span class=\"collapseomatic \" id=\"id69f63f9e8a67f\"  tabindex=\"0\" title=\"L\u00e9e m\u00e1s\"    >L\u00e9e m\u00e1s<\/span><div id=\"target-id69f63f9e8a67f\" class=\"collapseomatic_content \">\n\n\n\n<p><strong><em>Todo es ENERG\u00cdA en constante movimiento&nbsp;y el Universo (el&nbsp;Quantum) funciona&nbsp;de acuerdo con&nbsp;este Principio y Ley Universal.<\/em><\/strong>&nbsp;<\/p>\n\n\n\n<p><strong><em>De ese modo, es el Universo o&nbsp;Cosmos&nbsp;quien&nbsp;te gu\u00eda y prepara en los diversos conocimientos y pr\u00e1cticas en que te&nbsp;empiezas a sumergir&nbsp;para que vivas las experiencias&nbsp;que cambian tu vida y te transformes en el Alquimista de tus sue\u00f1os.<\/em><\/strong>&nbsp;<\/p>\n\n\n\n<p><strong><em>Esto no es Religi\u00f3n, ni Magia; es la m\u00e1s pura expresi\u00f3n de tu Espiritualidad referida a su \u00fanico y verdadero&nbsp;valor y que es LA FUERZA&nbsp;REAL para enfrentar, solucionar&nbsp;y vivir tu historia desde el coraje, la valent\u00eda, la honradez&nbsp;principalmente&nbsp;contigo&nbsp;mismo@ y siempre desde&nbsp;EL AMOR.<\/em><\/strong>&nbsp;<\/p>\n\n\n\n<p><strong><em>Ya llevo 25 a\u00f1os en este tr\u00e1nsito y con gusto te comparto cu\u00e1les materias he estudiado y aplicado en&nbsp;mi&nbsp;vida y en la de las personas que han confiado en su propia capacidad y compromiso con ellos mismos&nbsp;para comprobar la propia Grandeza de SU SER.<\/em><\/strong>&nbsp;<\/p>\n\n\n\n<p><strong><em>Solo a modo de introducci\u00f3n te cuento que:<\/em><\/strong>&nbsp;<\/p>\n\n\n\n<p><strong><em>Soy&nbsp;profesionalmente&nbsp;Contadora P\u00fablica,&nbsp;con Estudios de&nbsp;Ingenier\u00eda Comercial.<\/em><\/strong>&nbsp;<\/p>\n\n\n\n<p><strong><em>Ejerc\u00ed durante 20 a\u00f1os en la \u00c1reas de Negocios&nbsp;desde varios cargos importantes hasta el de Gerente de Ventas.<\/em><\/strong>&nbsp;<\/p>\n\n\n\n<p><strong><em>SANADORA ENERG\u00c9TICA&nbsp;CU\u00c1NTICA&nbsp;LOS \u00daLTIMOS VEINTICINCO&nbsp;A\u00d1OS.<\/em><\/strong>&nbsp;<\/p>\n\n\n\n<p><strong><em>Autodidacta de&nbsp;Neurociencia y F\u00edsica Cu\u00e1ntica aplicada en&nbsp;<\/em><\/strong>&nbsp;<\/p>\n\n\n\n<p><strong><em>mis&nbsp;Procedimientos de&nbsp;Recuperaci\u00f3n&nbsp;a personas con diferentes cuadros cl\u00ednicos, algunos de ellos Cr\u00f3nicos y\/o Autoinmunes.<\/em><\/strong>&nbsp;<\/p>\n\n\n\n<p><strong><em>Facilitadora en T\u00e9cnicas de Liberaci\u00f3n Emocional.<\/em><\/strong>&nbsp;<\/p>\n\n\n\n<p><strong><em>Maestr\u00eda en Programaci\u00f3n Neuroling\u00fc\u00edstica.<\/em><\/strong>&nbsp;<\/p>\n\n\n\n<p><strong><em>Facilitadora de T\u00e9cnicas&nbsp;de Sanaci\u00f3n&nbsp;Ho\u00b4Oponopono.<\/em><\/strong>&nbsp;<\/p>\n\n\n\n<p><strong><em>Facilitadora de Eco-Yoga.<\/em><\/strong>&nbsp;<\/p>\n\n\n\n<p><strong><em>Facilitadora de Risoterapia.<\/em><\/strong>&nbsp;<\/p>\n\n\n\n<p><strong><em>Facilitadora de Reiki.<\/em><\/strong>&nbsp;<\/p>\n\n\n\n<p><strong><em>Facilitadora en Terapias de Sonidos Vibracionales.<\/em><\/strong>&nbsp;<\/p>\n\n\n\n<p><strong><em>Facilitadora de Terapias de Rosas<\/em><\/strong><strong><em><\/em><\/strong><\/p>\n\n\n\n<p><strong><em>Creadora del Programa de&nbsp;Expansi\u00f3n de&nbsp;la&nbsp;Gl\u00e1ndula Pineal Resolutiva, lo que permite el desarrollo del Mapa de Ruta, seguimiento y logro de los objetivos del consultante.<\/em><\/strong>&nbsp;<\/p>\n\n\n\n<p><strong><em>Creadora de los Programas&nbsp;de Turismo&nbsp;de&nbsp;Salud Natural&nbsp;Vibracional Energ\u00e9tico&nbsp;Cu\u00e1ntico:<\/em><\/strong>&nbsp;<\/p>\n\n\n\n<p>\u00b7&nbsp;&nbsp;&nbsp;&nbsp;&nbsp;&nbsp;&nbsp;&nbsp;&nbsp;<strong><em>&nbsp;SUPER SALUD SO\u00d1ADA,<\/em><\/strong>&nbsp;<\/p>\n\n\n\n<p>\u00b7&nbsp;&nbsp;&nbsp;&nbsp;&nbsp;&nbsp;&nbsp;&nbsp;&nbsp;<strong><em>&nbsp;REPROGR\u00c1MATE PARA EL CAMBIO,<\/em><\/strong>&nbsp;<\/p>\n\n\n\n<p>\u00b7&nbsp;&nbsp;&nbsp;&nbsp;&nbsp;&nbsp;&nbsp;&nbsp;&nbsp;<strong><em>&nbsp;VIGOR SEXUAL 7.0&nbsp;<\/em><\/strong>&nbsp;<\/p>\n\n\n\n<p>\u00b7&nbsp;&nbsp;&nbsp;&nbsp;&nbsp;&nbsp;&nbsp;&nbsp;&nbsp;<strong><em>&nbsp;VIBRAALTA&nbsp;JAJAPENING.<\/em><\/strong>&nbsp;<\/p>\n\n\n\n<p>\u00b7&nbsp;&nbsp;&nbsp;&nbsp;&nbsp;&nbsp;&nbsp;&nbsp;&nbsp;<strong><em>I.V.&nbsp;C.&nbsp;&nbsp;INTELIGENCIA VIBRACIONAL&nbsp;CU\u00c1NTICA<\/em><\/strong>&nbsp;<\/p>\n\n\n\n<p>\u00b7&nbsp;&nbsp;&nbsp;&nbsp;&nbsp;&nbsp;&nbsp;&nbsp;&nbsp;<strong><em>BIENESTAR AL INSTANTE DESDE LA ALTA VIBRACI\u00d3N ENERG\u00c9TICA CU\u00c1NTICA.<\/em><\/strong>&nbsp;<\/p>\n\n\n\n<p>\u00b7&nbsp;&nbsp;&nbsp;&nbsp;&nbsp;&nbsp;&nbsp;&nbsp;&nbsp;<strong><em>FULL DAY MUJERES EN ESENCIA.<\/em><\/strong>&nbsp;<\/p>\n\n\n\n<p><strong><em>Coach&nbsp;Life: Sesiones personales y\/o&nbsp;telem\u00e1ticas.<\/em><\/strong>&nbsp;<\/p>\n\n\n\n<p><strong><em>Escritora:&nbsp;mis&nbsp;libros&nbsp;est\u00e1n&nbsp;relacionados con la Salud Natural:<\/em><\/strong>&nbsp;<\/p>\n\n\n\n<p><strong><em>El Otro Camino para tu Salud<\/em><\/strong>&nbsp;<\/p>\n\n\n\n<p><strong><em>&nbsp;y el Audio Libro Las Once Llaves M\u00e1gicas del&nbsp;Ho\u00b4Oponopono&nbsp;grabado por&nbsp;mi&nbsp;propia voz&nbsp;<\/em><\/strong>&nbsp;<\/p>\n\n\n\n<p><strong><em>Canta-Autora:&nbsp; tres&nbsp;canciones&nbsp;publicadas relacionadas con la Sanaci\u00f3n Energ\u00e9tica&nbsp;Cu\u00e1ntica<\/em><\/strong>&nbsp;<\/p>\n\n\n\n<p><strong><em>Creadora del nuevo&nbsp;<\/em><\/strong>&nbsp;<\/p>\n\n\n\n<p><strong><em>Arte&nbsp;Pict\u00f3rico&nbsp;DespertARTE&nbsp;VIBRACIONALmente<\/em><\/strong>&nbsp;<\/p>\n\n\n\n<p><strong><em>Conferencista en temas de Salud Natural.<\/em><\/strong>&nbsp;<\/p>\n\n\n\n<p><strong><em>Certificaci\u00f3n Seremi de Salud de Chile&nbsp;N\u00b0&nbsp;124 D.S. 42\/2004<\/em><\/strong>&nbsp;<\/p>\n\n\n\n<p><strong><em>WhatsApp + 56 9 857 522 18<\/em><\/strong>&nbsp;<\/p>\n\n\n<\/div>\n\n\n\n<div style=\"height:65px\" aria-hidden=\"true\" class=\"wp-block-spacer\"><\/div>\n\n\n\n<h2 class=\"wp-block-heading has-luminous-vivid-amber-color has-text-color has-link-color has-medium-font-size wp-elements-eda4f67f017d83b5068f5b66b2914558\"><strong><em>&nbsp;LA SANACI\u00d3N ENERG\u00c9TICA VIBRACIONAL CU\u00c1NTICA<\/em><\/strong>&nbsp;<\/h2>\n\n\n\n<p><strong><em>20 RAZONES PARA CONOCER Y<\/em><\/strong><strong> PRACTICAR<\/strong><\/p>\n\n\n<span class=\"collapseomatic \" id=\"id69f63f9e8a710\"  tabindex=\"0\" title=\"L\u00e9e m\u00e1s\"    >L\u00e9e m\u00e1s<\/span><div id=\"target-id69f63f9e8a710\" class=\"collapseomatic_content \">\n\n\n\n<p><strong><em>1.- SON 100 %<\/em><\/strong><strong><em>&nbsp;NATURALES<\/em><\/strong>&nbsp;&nbsp;<\/p>\n\n\n\n<p><strong><em>2.-&nbsp;<\/em><\/strong><strong><em>SIN QU\u00cdMICOS,&nbsp;<\/em><\/strong><strong><em>DE NING\u00daN TIPO.<\/em><\/strong>&nbsp;&nbsp;<\/p>\n\n\n\n<p><strong><em>3.- SON&nbsp;<\/em><\/strong><strong><em>INDOLOROS<\/em><\/strong>&nbsp;&nbsp;<\/p>\n\n\n\n<p><strong><em>4.-&nbsp;<\/em><\/strong><strong><em>SIN AGRESIONES F\u00cdSICAS, NI EMOCIONALES<\/em><\/strong>&nbsp;&nbsp;<\/p>\n\n\n\n<p><strong><em>5.- TOTALMENTE<\/em><\/strong><strong><em>&nbsp;PERSONALIZADO<\/em><\/strong>&nbsp;&nbsp;<\/p>\n\n\n\n<p><strong><em>6.- ACT\u00daAN COMO&nbsp;<\/em><\/strong><strong><em>COLABORADORES ACTIVOS DEL SISTEMA CL\u00cdNICO.<\/em><\/strong>&nbsp;&nbsp;<\/p>\n\n\n\n<p><strong><em>7.- SON DE&nbsp;<\/em><\/strong><strong><em>REACCI\u00d3N INMEDIATA<\/em><\/strong><strong><em>&nbsp;YA QUE RESPONDEN A LA INTELIGENCIA DIVINA DEL PROPIO CUERPO, DE AH\u00cd ENTONCES PODEMOS HABLAR DE LA&nbsp;<\/em><\/strong><strong><em>EFICIENCIA Y EFECTIVIDAD DE SUS RESULTADOS SIN RIESGOS COLATERALES<\/em><\/strong><strong><em>.<\/em><\/strong>&nbsp;&nbsp;<\/p>\n\n\n\n<p><strong><em>8.- SON DE&nbsp;<\/em><\/strong><strong><em>\u201cRESULTADO INTEGRAL\u201d<\/em><\/strong><strong><em>&nbsp;VALE DECIR,&nbsp;<\/em><\/strong><strong><em>NO MEJORAN \u201cSOLO\u201d EL \u00d3RGANO O SISTEMA&nbsp;<\/em><\/strong><strong><em>QUE ESTABA ENFERMO, SU RESPUESTA ES DE&nbsp;<\/em><\/strong><strong><em>UNA SANACI\u00d3N TOTAL EN TODO TU CUERPO Y EN TODOS LOS PLANOS.<\/em><\/strong>&nbsp;&nbsp;<\/p>\n\n\n\n<p><strong><em>LA SANACI\u00d3N ENERG\u00c9TICA&nbsp;VIBRACIONAL&nbsp;CU\u00c1NTICA&nbsp;<\/em><\/strong><strong><em>NO DISCRIMINA LA SALUD POR PARTES DEL CUERPO.&nbsp;&nbsp;<\/em><\/strong><\/p>\n\n\n\n<p><strong><em>9.-&nbsp;TAMPOCO DISCRIMINAN RESULTADOS POR SEXO, NI EDAD.<\/em><\/strong>&nbsp;&nbsp;<\/p>\n\n\n\n<p><strong><em>10.- SON&nbsp;<\/em><\/strong><strong><em>PROCESOS DESINTOXICANTES F\u00cdSICOS Y EMOCIONALES.<\/em><\/strong>&nbsp;&nbsp;<\/p>\n\n\n\n<p><strong><em>11.- SON&nbsp;<\/em><\/strong><strong><em>REVITALIZANTES.<\/em><\/strong>&nbsp;&nbsp;<\/p>\n\n\n\n<p><strong><em>12.- SON&nbsp;<\/em><\/strong><strong><em>REJUVENECEDORES.<\/em><\/strong>&nbsp;&nbsp;<\/p>\n\n\n\n<p><strong><em>13.-&nbsp;<\/em><\/strong><strong>MEJORAN NOTABLEMENTE LA APARIENCIA DE LA PIEL.<\/strong>&nbsp;&nbsp;<\/p>\n\n\n\n<p><strong><em>14<\/em><\/strong><strong><em>.-&nbsp;CADA PROGRAMA ES UN&nbsp;<\/em><\/strong><strong>APRENDIZAJE&nbsp;<\/strong><strong><em>QUE SE VIVE DESDE LA&nbsp;<\/em><\/strong><strong><em>EXPERIENCIA,&nbsp;EN UN ENTORNO AMIGABLE, EMP\u00c1TICO, ACOGEDOR.<\/em><\/strong>&nbsp;&nbsp;<\/p>\n\n\n\n<p><strong><em>15.- EL APRENDIZAJE SE HACE D<\/em><\/strong><strong><em>ESDE EL CONSCIENTE<\/em><\/strong><strong><em>&nbsp;PARA MODIFICAR TAMBIEN EL SUBCONSCIENTE Y&nbsp;<\/em><\/strong><strong><em>ELIMINAR PARADIGMAS, CREENCIAS LIMITANTES, APEGOS ENFERMIZOS, ETC.<\/em><\/strong>&nbsp;&nbsp;<\/p>\n\n\n\n<p><strong><em>16.-<\/em><\/strong><strong><em>&nbsp;SON CONOCIMIENTOS QUE QUEDAN&nbsp;<\/em><\/strong><strong><em>CON EL PACIENTE, PARA QUE LOS PUEDAN REPETIR LAS VECES QUE SEA NECESARIO.<\/em><\/strong>&nbsp;&nbsp;<\/p>\n\n\n\n<p><strong><em>17.- ESTOS&nbsp;<\/em><\/strong><strong><em>APRENDIZAJES EST\u00c1N RESPALDADOS POR LAS EVIDENCIAS DE FOTOGRAF\u00cdAS, AUDIOS, VIDEOS&nbsp;Y&nbsp;FICHAS DE EXPERIENCIAS DIARIAS PERSONALES&nbsp;<\/em><\/strong><strong><em>QUE SON SUS FIELES TESTIGOS&nbsp;<\/em><\/strong>&nbsp;&nbsp;<\/p>\n\n\n\n<p><strong><em>18.&nbsp; POR LO TANTO SE&nbsp;<\/em><\/strong><strong><em>VUELVEN TAMBI\u00c9N GU\u00cdAS DE SU FAMILIA&nbsp;<\/em><\/strong><strong><em>EN EL MANEJO VIBRACIONAL&nbsp;CU\u00c1NTICO.<\/em><\/strong>&nbsp;&nbsp;<\/p>\n\n\n\n<p><strong><em>19.-&nbsp;&nbsp;&nbsp;ESTOS&nbsp;<\/em><\/strong><strong><em>&nbsp;\u201cAPRENDIZAJES\u201d&nbsp;<\/em><\/strong><strong><em>SON&nbsp;<\/em><\/strong><strong><em>TOTALMENTE COMPLEMENTARIOS A LAS INDICACIONES M\u00c9DICAS, YA QUE NO SE RETIRAN, NI MODIFICAN DE MODO ALGUNO LOS MEDICAMENTOS INDICADOS EN CANTIDAD, NI HORARIOS.<\/em><\/strong>&nbsp;&nbsp;<\/p>\n\n\n\n<p><strong><em>20.-<\/em><\/strong><strong><em>&nbsp; SE&nbsp;RECOMIENDA&nbsp;<\/em><\/strong><strong><em>VISITAR A&nbsp;<\/em><\/strong><strong><em>SU M\u00c9DICO TRATANTE<\/em><\/strong><strong><em>&nbsp;PARA QUE SEA EL QUIEN DETERMINE EL NUEVO PROTOCOLO CL\u00cdNICO DESPU\u00c9S DE LOS 30 D\u00cdAS EN QUE HEMOS TERMINADO LOS PROGRAMAS DE APRENDIZAJE; ESTO EN ATENCI\u00d3N A QUE&nbsp;<\/em><\/strong><strong><em>ES EL TIEMPO QUE NECESITA EL CUERPO HUMANO PARA \u201cINTERNALIZAR\u201d LA MODIFICACI\u00d3N DE LA NUEVA ESTRUCTURA CELULAR, EMOCIONAL Y NEURONAL DE LA PERSONA TRATADA, Y POR ENDE EL NUEVO \u201cPANORAMA CL\u00cdNICO\u201d<\/em><\/strong>&nbsp;&nbsp;<\/p>\n\n\n\n<p><strong>\u00bfPOR CU\u00c1L O CU\u00c1LES DE ESTOS PUNTOS<\/strong>&nbsp;<\/p>\n\n\n<\/div>\n\n\n\n<p><strong>TE DAS EL PERMISO<\/strong>&nbsp;<\/p>\n\n\n\n<p><strong>PARA VIVIR&nbsp;LOS CAMBIOS QUE NECESITAS &#8230;<\/strong>&nbsp;<strong>\u00a1AHORA!&nbsp;<\/strong>&nbsp;<\/p>\n\n\n\n<p class=\"has-luminous-vivid-amber-color has-text-color has-link-color wp-elements-bd043990ab8004079319282bc35744a3\" style=\"font-size:28px\"><strong>CONTACTAME<\/strong><\/p>\n\n\n\n<p><strong><em>WhatsApp + 56 9 857 522 18<\/em><\/strong>&nbsp;<\/p>\n","protected":false},"excerpt":{"rendered":"<p>ELIZABETH CANALES ASTROZA&nbsp; FULL DAY MUJERES EN ESENCIA Verse y sentirse bien por dentro y por fuera PROGRAMA DE ACTIVIDADES: 10:00 a 10:30 &#8211; RECEPCI\u00d3N DE BIENVENIDA. Coffee Snack. 10:30 a 11:00 &#8211; PRESENTACI\u00d3N INDIVIDUAL. 11:00 a 12:30 &#8211; RECONEXI\u00d3N A TU SER INTEGRAL&nbsp;que involucra todos tus aspectos: f\u00edsicos, psicol\u00f3gicos, emocionales y espirituales. (no religiosos). [&hellip;]<\/p>\n","protected":false},"author":1,"featured_media":0,"parent":0,"menu_order":0,"comment_status":"closed","ping_status":"closed","template":"","meta":{"site-sidebar-layout":"default","site-content-layout":"","ast-site-content-layout":"default","site-content-style":"default","site-sidebar-style":"default","ast-global-header-display":"","ast-banner-title-visibility":"","ast-main-header-display":"","ast-hfb-above-header-display":"","ast-hfb-below-header-display":"","ast-hfb-mobile-header-display":"","site-post-title":"","ast-breadcrumbs-content":"","ast-featured-img":"","footer-sml-layout":"","theme-transparent-header-meta":"","adv-header-id-meta":"","stick-header-meta":"","header-above-stick-meta":"","header-main-stick-meta":"","header-below-stick-meta":"","astra-migrate-meta-layouts":"set","ast-page-background-enabled":"default","ast-page-background-meta":{"desktop":{"background-color":"var(--ast-global-color-4)","background-image":"","background-repeat":"repeat","background-position":"center center","background-size":"auto","background-attachment":"scroll","background-type":"","background-media":"","overlay-type":"","overlay-color":"","overlay-opacity":"","overlay-gradient":""},"tablet":{"background-color":"","background-image":"","background-repeat":"repeat","background-position":"center center","background-size":"auto","background-attachment":"scroll","background-type":"","background-media":"","overlay-type":"","overlay-color":"","overlay-opacity":"","overlay-gradient":""},"mobile":{"background-color":"","background-image":"","background-repeat":"repeat","background-position":"center center","background-size":"auto","background-attachment":"scroll","background-type":"","background-media":"","overlay-type":"","overlay-color":"","overlay-opacity":"","overlay-gradient":""}},"ast-content-background-meta":{"desktop":{"background-color":"var(--ast-global-color-5)","background-image":"","background-repeat":"repeat","background-position":"center center","background-size":"auto","background-attachment":"scroll","background-type":"","background-media":"","overlay-type":"","overlay-color":"","overlay-opacity":"","overlay-gradient":""},"tablet":{"background-color":"var(--ast-global-color-5)","background-image":"","background-repeat":"repeat","background-position":"center center","background-size":"auto","background-attachment":"scroll","background-type":"","background-media":"","overlay-type":"","overlay-color":"","overlay-opacity":"","overlay-gradient":""},"mobile":{"background-color":"var(--ast-global-color-5)","background-image":"","background-repeat":"repeat","background-position":"center center","background-size":"auto","background-attachment":"scroll","background-type":"","background-media":"","overlay-type":"","overlay-color":"","overlay-opacity":"","overlay-gradient":""}},"footnotes":""},"class_list":["post-2416","page","type-page","status-publish","hentry"],"_links":{"self":[{"href":"https:\/\/mandalacosmicaelita.com\/index.php\/wp-json\/wp\/v2\/pages\/2416","targetHints":{"allow":["GET"]}}],"collection":[{"href":"https:\/\/mandalacosmicaelita.com\/index.php\/wp-json\/wp\/v2\/pages"}],"about":[{"href":"https:\/\/mandalacosmicaelita.com\/index.php\/wp-json\/wp\/v2\/types\/page"}],"author":[{"embeddable":true,"href":"https:\/\/mandalacosmicaelita.com\/index.php\/wp-json\/wp\/v2\/users\/1"}],"replies":[{"embeddable":true,"href":"https:\/\/mandalacosmicaelita.com\/index.php\/wp-json\/wp\/v2\/comments?post=2416"}],"version-history":[{"count":47,"href":"https:\/\/mandalacosmicaelita.com\/index.php\/wp-json\/wp\/v2\/pages\/2416\/revisions"}],"predecessor-version":[{"id":2491,"href":"https:\/\/mandalacosmicaelita.com\/index.php\/wp-json\/wp\/v2\/pages\/2416\/revisions\/2491"}],"wp:attachment":[{"href":"https:\/\/mandalacosmicaelita.com\/index.php\/wp-json\/wp\/v2\/media?parent=2416"}],"curies":[{"name":"wp","href":"https:\/\/api.w.org\/{rel}","templated":true}]}}