{"id":2175,"date":"2024-10-01T04:23:16","date_gmt":"2024-10-01T04:23:16","guid":{"rendered":"https:\/\/mandalacosmicaelita.com\/?page_id=2175"},"modified":"2024-10-16T01:45:01","modified_gmt":"2024-10-16T01:45:01","slug":"cancion-del-cambio","status":"publish","type":"page","link":"https:\/\/mandalacosmicaelita.com\/index.php\/cancion-del-cambio\/","title":{"rendered":"CANCI\u00d3N DEL CAMBIO"},"content":{"rendered":"\n<h2 class=\"wp-block-heading has-luminous-vivid-amber-color has-text-color\" style=\"font-size:30px\"><strong>JO-JO-JA-JA-JA LA CANCI\u00d3N DEL CAMBIO <\/strong><\/h2>\n\n\n\n<p class=\"has-medium-font-size\">Autora:&nbsp; Elizabeth Canales Astroza<\/p>\n\n\n\n<p class=\"has-medium-font-size\">M\u00fasica: Mario Silva<\/p>\n\n\n\n<figure class=\"wp-block-audio\"><audio controls src=\"http:\/\/mandalacosmicaelita.com\/wp-content\/uploads\/2023\/05\/Jo-jo-JaJaJa.mp3\"><\/audio><\/figure>\n\n\n\n<p class=\"has-medium-font-size\">Esta grandiosa y \u201cmilagrosa\u201d canci\u00f3n tambi\u00e9n la recib\u00ed por Canalizaci\u00f3n y fui inspirada desde el n\u00facleo central del Mensaje: <\/p>\n\n\n\n<p class=\"has-text-align-center\" style=\"font-size:25px\"><strong><em>\u201cabandona la barca del Temor <\/em><\/strong><\/p>\n\n\n\n<p class=\"has-text-align-center\" style=\"font-size:25px\"><strong><em>donde el puerto siempre es el Dolor\u201d<\/em><\/strong><\/p>\n\n\n\n<p class=\"has-text-align-center\" style=\"font-size:25px\"><strong><em>\u201cC\u00e1mbiate de VibracI\u00f3n <\/em><\/strong><\/p>\n\n\n\n<p class=\"has-text-align-center\" style=\"font-size:25px\"><strong><em>y DISFRUTA DEL AMOR\u201d<\/em><\/strong><\/p>\n\n\n\n<p class=\"has-medium-font-size\">Esta fue mi segunda creaci\u00f3n musical y que apoy\u00e9 en forma contundente con mis estudios sobre los m\u00faltiples beneficios de la <strong>Risoterapia<\/strong> que nos permiten experimentarlos solamente al cantarla con entusiasmo.<\/p>\n\n\n\n<p class=\"has-medium-font-size\"><strong><em>Sus efectos sanadores los sentimos de inmediato en nuestros cuerpos y una s\u00fabita explosi\u00f3n de risas y bienestar nos invaden desde el subconsciente.<\/em><\/strong> No necesitas creerlo, <strong>SOLO DEBES EXPERIMENTARLO.<\/strong><\/p>\n\n\n\n<p class=\"has-medium-font-size\"><strong><em>\u00a1SONR\u00cdE! \u2026&nbsp; entr\u00e9gate al comp\u00e1s de carnaval y alegr\u00eda que llegar\u00e1 a tu subconsciente, hace palmas con tus manos al comp\u00e1s de la m\u00fasica y ponte a bailar, tu cuerpo te guiar\u00e1, disfr\u00fatalo y suelta esa carcajada liberadora. No pares de re\u00edr hasta que sientas que te divertiste much\u00edsimo.<\/em><\/strong><\/p>\n\n\n\n<figure class=\"wp-block-audio\"><audio controls src=\"http:\/\/mandalacosmicaelita.com\/wp-content\/uploads\/2023\/04\/ECA-Cancion-Jojojajaja-Audio.mp3\"><\/audio><\/figure>\n","protected":false},"excerpt":{"rendered":"<p>JO-JO-JA-JA-JA LA CANCI\u00d3N DEL CAMBIO Autora:&nbsp; Elizabeth Canales Astroza M\u00fasica: Mario Silva Esta grandiosa y \u201cmilagrosa\u201d canci\u00f3n tambi\u00e9n la recib\u00ed por Canalizaci\u00f3n y fui inspirada desde el n\u00facleo central del Mensaje: \u201cabandona la barca del Temor donde el puerto siempre es el Dolor\u201d \u201cC\u00e1mbiate de VibracI\u00f3n y DISFRUTA DEL AMOR\u201d Esta fue mi segunda creaci\u00f3n [&hellip;]<\/p>\n","protected":false},"author":1,"featured_media":0,"parent":0,"menu_order":0,"comment_status":"closed","ping_status":"closed","template":"","meta":{"site-sidebar-layout":"default","site-content-layout":"","ast-site-content-layout":"default","site-content-style":"default","site-sidebar-style":"default","ast-global-header-display":"","ast-banner-title-visibility":"","ast-main-header-display":"","ast-hfb-above-header-display":"","ast-hfb-below-header-display":"","ast-hfb-mobile-header-display":"","site-post-title":"","ast-breadcrumbs-content":"","ast-featured-img":"","footer-sml-layout":"","theme-transparent-header-meta":"","adv-header-id-meta":"","stick-header-meta":"","header-above-stick-meta":"","header-main-stick-meta":"","header-below-stick-meta":"","astra-migrate-meta-layouts":"set","ast-page-background-enabled":"default","ast-page-background-meta":{"desktop":{"background-color":"var(--ast-global-color-4)","background-image":"","background-repeat":"repeat","background-position":"center center","background-size":"auto","background-attachment":"scroll","background-type":"","background-media":"","overlay-type":"","overlay-color":"","overlay-opacity":"","overlay-gradient":""},"tablet":{"background-color":"","background-image":"","background-repeat":"repeat","background-position":"center center","background-size":"auto","background-attachment":"scroll","background-type":"","background-media":"","overlay-type":"","overlay-color":"","overlay-opacity":"","overlay-gradient":""},"mobile":{"background-color":"","background-image":"","background-repeat":"repeat","background-position":"center center","background-size":"auto","background-attachment":"scroll","background-type":"","background-media":"","overlay-type":"","overlay-color":"","overlay-opacity":"","overlay-gradient":""}},"ast-content-background-meta":{"desktop":{"background-color":"var(--ast-global-color-5)","background-image":"","background-repeat":"repeat","background-position":"center center","background-size":"auto","background-attachment":"scroll","background-type":"","background-media":"","overlay-type":"","overlay-color":"","overlay-opacity":"","overlay-gradient":""},"tablet":{"background-color":"var(--ast-global-color-5)","background-image":"","background-repeat":"repeat","background-position":"center center","background-size":"auto","background-attachment":"scroll","background-type":"","background-media":"","overlay-type":"","overlay-color":"","overlay-opacity":"","overlay-gradient":""},"mobile":{"background-color":"var(--ast-global-color-5)","background-image":"","background-repeat":"repeat","background-position":"center center","background-size":"auto","background-attachment":"scroll","background-type":"","background-media":"","overlay-type":"","overlay-color":"","overlay-opacity":"","overlay-gradient":""}},"footnotes":""},"class_list":["post-2175","page","type-page","status-publish","hentry"],"_links":{"self":[{"href":"https:\/\/mandalacosmicaelita.com\/index.php\/wp-json\/wp\/v2\/pages\/2175","targetHints":{"allow":["GET"]}}],"collection":[{"href":"https:\/\/mandalacosmicaelita.com\/index.php\/wp-json\/wp\/v2\/pages"}],"about":[{"href":"https:\/\/mandalacosmicaelita.com\/index.php\/wp-json\/wp\/v2\/types\/page"}],"author":[{"embeddable":true,"href":"https:\/\/mandalacosmicaelita.com\/index.php\/wp-json\/wp\/v2\/users\/1"}],"replies":[{"embeddable":true,"href":"https:\/\/mandalacosmicaelita.com\/index.php\/wp-json\/wp\/v2\/comments?post=2175"}],"version-history":[{"count":3,"href":"https:\/\/mandalacosmicaelita.com\/index.php\/wp-json\/wp\/v2\/pages\/2175\/revisions"}],"predecessor-version":[{"id":2389,"href":"https:\/\/mandalacosmicaelita.com\/index.php\/wp-json\/wp\/v2\/pages\/2175\/revisions\/2389"}],"wp:attachment":[{"href":"https:\/\/mandalacosmicaelita.com\/index.php\/wp-json\/wp\/v2\/media?parent=2175"}],"curies":[{"name":"wp","href":"https:\/\/api.w.org\/{rel}","templated":true}]}}