{"id":2173,"date":"2024-10-01T04:22:29","date_gmt":"2024-10-01T04:22:29","guid":{"rendered":"https:\/\/mandalacosmicaelita.com\/?page_id=2173"},"modified":"2024-10-01T04:28:12","modified_gmt":"2024-10-01T04:28:12","slug":"yo-soy","status":"publish","type":"page","link":"https:\/\/mandalacosmicaelita.com\/index.php\/yo-soy\/","title":{"rendered":"YO SOY"},"content":{"rendered":"\n<h3 class=\"wp-block-heading has-luminous-vivid-amber-color has-text-color\" style=\"font-size:30px\"><strong>&nbsp;MI CANCI\u00d3N \u201cYO SOY\u201d<\/strong><\/h3>\n\n\n\n<p class=\"has-medium-font-size\">Autora:&nbsp; Elizabeth Canales Astroza<\/p>\n\n\n\n<p class=\"has-medium-font-size\">M\u00fasica: Mario Silva<\/p>\n\n\n\n<figure class=\"wp-block-audio\"><audio controls src=\"http:\/\/mandalacosmicaelita.com\/wp-content\/uploads\/2023\/05\/Yo-Soy.mp3\"><\/audio><\/figure>\n\n\n\n<h2 class=\"wp-block-heading has-vivid-red-color has-text-color has-medium-font-size\" style=\"text-transform:uppercase\"><strong>Historia de esta canci\u00f3n<\/strong><\/h2>\n\n\n\n<p class=\"has-medium-font-size\"><em>Nunca hab\u00eda compuesto una canci\u00f3n<\/em>, ni mucho menos su m\u00fasica <em>y <strong>jam\u00e1s me imagin\u00e9 grabando alg\u00fan disco en un estudio musical \u201cde verdad\u201d.<\/strong><\/em><\/p>\n\n\n\n<p class=\"has-medium-font-size\">Fue en la \u00e9poca m\u00e1s oscura de mi vida, donde ya la luz de mis ojos empezaba a apagarse paulatina e inexorablemente hasta escuchar el fat\u00eddico y aplastante diagn\u00f3stico cl\u00ednico: en 60 d\u00edas Ud. quedar\u00e1 sin ver.<\/p>\n\n\n\n<p class=\"has-medium-font-size\">Entonces fue que sali\u00f3 en mi rescate <strong>\u201cLA LUZ DE MI ALMA\u201d<\/strong> y recib\u00ed por una <strong><em>poderosa Canalizaci\u00f3n <\/em><\/strong>esta maravillosa canci\u00f3n, que cambi\u00f3 mi vida <strong><em>cuando me empoder\u00e9 de mi \u00fanica&nbsp; y extraordinaria realidad: YO SOY.<\/em><\/strong><\/p>\n\n\n\n<p class=\"has-medium-font-size\"><strong><em>La cre\u00e9 tal y cual la fui recibiendo, la cantaba de d\u00eda y de noche, hasta con la entonaci\u00f3n de sus notas musicales, (nunca he escrito m\u00fasica) se la entregu\u00e9 a Mi Madre Tierra, a mi Padre Sol y a todo el Universo y el MILAGRO DE VOLVER A VER a\u00fan mejor que antes llen\u00f3 mi vida para quedarse conmigo.<\/em><\/strong><\/p>\n\n\n\n<p class=\"has-medium-font-size\"><em style=\"\"><em style=\"\"><b>Compartir al mundo que cambiar las realidades duras est\u00e1 solo en TU PODER fue para m\u00ed un grandioso<\/b><\/em><\/em><strong><em><strong><em> motor de empuje que al poco tiempo de cantar me inspir\u00f3 para empezar a escribir mis libros y mi audiolibro.<\/em><\/strong><\/em><\/strong><\/p>\n\n\n\n<p class=\"has-text-align-center\" style=\"font-size:25px\"><strong><em>Si piensas que no puedes\u2026 \u00a1nunca podr\u00e1s!<\/em><\/strong><\/p>\n\n\n\n<p class=\"has-text-align-center\" style=\"font-size:25px\"><strong><em>Si piensas, sientes y te emocionas con un <\/em><\/strong><\/p>\n\n\n\n<p class=\"has-text-align-center\" style=\"font-size:25px\"><strong><em>\u00a1S\u00cd! \u2026 \u00a1YO PUEDO!<\/em><\/strong><\/p>\n\n\n\n<p class=\"has-text-align-center\" style=\"font-size:25px\"><strong><em>S\u00cd PODR\u00c1S&#8230;<\/em><\/strong><\/p>\n\n\n\n<p class=\"has-text-align-center\" style=\"font-size:25px\"><strong><em><strong><em>NO LO CREAS<\/em><\/strong><\/em><\/strong><\/p>\n\n\n\n<p class=\"has-text-align-center\" style=\"font-size:25px\"><strong><em><strong><em>\u00a1NECESITAS EXPERIMENTARLO!<\/em><\/strong><\/em><\/strong><\/p>\n\n\n\n<p class=\"has-medium-font-size\"><strong><em>Entonces te convertir\u00e1s en \u201cEL HACEDOR DE TUS MILAGROS\u201d<\/em><\/strong><em> <\/em><em>Ahora, te la regalo con mucho amor<strong> DESEANDO DESDE LA M\u00c1S ALTA ENERG\u00cdA VIBRACIONAL que tambi\u00e9n llegue a TU VIDA para colmarte de dicha y felicidad como YO TAMBI\u00c9N LA VIVO.<\/strong><\/em><\/p>\n\n\n\n<figure class=\"wp-block-audio\"><audio controls src=\"http:\/\/mandalacosmicaelita.com\/wp-content\/uploads\/2023\/04\/ECA-Cancion-YO-SOY.mp3\"><\/audio><\/figure>\n\n\n\n<figure class=\"wp-block-embed is-type-video is-provider-youtube wp-block-embed-youtube wp-embed-aspect-16-9 wp-has-aspect-ratio\"><div class=\"wp-block-embed__wrapper\">\n<div class=\"ast-oembed-container \" style=\"height: 100%;\"><iframe loading=\"lazy\" title=\"ECA Cancion YO SOY\" width=\"500\" height=\"281\" src=\"https:\/\/www.youtube.com\/embed\/EktH8iInUyo?feature=oembed\" frameborder=\"0\" allow=\"accelerometer; autoplay; clipboard-write; encrypted-media; gyroscope; picture-in-picture; web-share\" referrerpolicy=\"strict-origin-when-cross-origin\" allowfullscreen><\/iframe><\/div>\n<\/div><\/figure>\n","protected":false},"excerpt":{"rendered":"<p>&nbsp;MI CANCI\u00d3N \u201cYO SOY\u201d Autora:&nbsp; Elizabeth Canales Astroza M\u00fasica: Mario Silva Historia de esta canci\u00f3n Nunca hab\u00eda compuesto una canci\u00f3n, ni mucho menos su m\u00fasica y jam\u00e1s me imagin\u00e9 grabando alg\u00fan disco en un estudio musical \u201cde verdad\u201d. Fue en la \u00e9poca m\u00e1s oscura de mi vida, donde ya la luz de mis ojos empezaba [&hellip;]<\/p>\n","protected":false},"author":1,"featured_media":0,"parent":0,"menu_order":0,"comment_status":"closed","ping_status":"closed","template":"","meta":{"site-sidebar-layout":"default","site-content-layout":"","ast-site-content-layout":"default","site-content-style":"default","site-sidebar-style":"default","ast-global-header-display":"","ast-banner-title-visibility":"","ast-main-header-display":"","ast-hfb-above-header-display":"","ast-hfb-below-header-display":"","ast-hfb-mobile-header-display":"","site-post-title":"","ast-breadcrumbs-content":"","ast-featured-img":"","footer-sml-layout":"","theme-transparent-header-meta":"","adv-header-id-meta":"","stick-header-meta":"","header-above-stick-meta":"","header-main-stick-meta":"","header-below-stick-meta":"","astra-migrate-meta-layouts":"set","ast-page-background-enabled":"default","ast-page-background-meta":{"desktop":{"background-color":"var(--ast-global-color-4)","background-image":"","background-repeat":"repeat","background-position":"center center","background-size":"auto","background-attachment":"scroll","background-type":"","background-media":"","overlay-type":"","overlay-color":"","overlay-opacity":"","overlay-gradient":""},"tablet":{"background-color":"","background-image":"","background-repeat":"repeat","background-position":"center center","background-size":"auto","background-attachment":"scroll","background-type":"","background-media":"","overlay-type":"","overlay-color":"","overlay-opacity":"","overlay-gradient":""},"mobile":{"background-color":"","background-image":"","background-repeat":"repeat","background-position":"center center","background-size":"auto","background-attachment":"scroll","background-type":"","background-media":"","overlay-type":"","overlay-color":"","overlay-opacity":"","overlay-gradient":""}},"ast-content-background-meta":{"desktop":{"background-color":"var(--ast-global-color-5)","background-image":"","background-repeat":"repeat","background-position":"center center","background-size":"auto","background-attachment":"scroll","background-type":"","background-media":"","overlay-type":"","overlay-color":"","overlay-opacity":"","overlay-gradient":""},"tablet":{"background-color":"var(--ast-global-color-5)","background-image":"","background-repeat":"repeat","background-position":"center center","background-size":"auto","background-attachment":"scroll","background-type":"","background-media":"","overlay-type":"","overlay-color":"","overlay-opacity":"","overlay-gradient":""},"mobile":{"background-color":"var(--ast-global-color-5)","background-image":"","background-repeat":"repeat","background-position":"center center","background-size":"auto","background-attachment":"scroll","background-type":"","background-media":"","overlay-type":"","overlay-color":"","overlay-opacity":"","overlay-gradient":""}},"footnotes":""},"class_list":["post-2173","page","type-page","status-publish","hentry"],"_links":{"self":[{"href":"https:\/\/mandalacosmicaelita.com\/index.php\/wp-json\/wp\/v2\/pages\/2173","targetHints":{"allow":["GET"]}}],"collection":[{"href":"https:\/\/mandalacosmicaelita.com\/index.php\/wp-json\/wp\/v2\/pages"}],"about":[{"href":"https:\/\/mandalacosmicaelita.com\/index.php\/wp-json\/wp\/v2\/types\/page"}],"author":[{"embeddable":true,"href":"https:\/\/mandalacosmicaelita.com\/index.php\/wp-json\/wp\/v2\/users\/1"}],"replies":[{"embeddable":true,"href":"https:\/\/mandalacosmicaelita.com\/index.php\/wp-json\/wp\/v2\/comments?post=2173"}],"version-history":[{"count":2,"href":"https:\/\/mandalacosmicaelita.com\/index.php\/wp-json\/wp\/v2\/pages\/2173\/revisions"}],"predecessor-version":[{"id":2179,"href":"https:\/\/mandalacosmicaelita.com\/index.php\/wp-json\/wp\/v2\/pages\/2173\/revisions\/2179"}],"wp:attachment":[{"href":"https:\/\/mandalacosmicaelita.com\/index.php\/wp-json\/wp\/v2\/media?parent=2173"}],"curies":[{"name":"wp","href":"https:\/\/api.w.org\/{rel}","templated":true}]}}