{"id":2124,"date":"2024-09-30T18:02:03","date_gmt":"2024-09-30T18:02:03","guid":{"rendered":"https:\/\/mandalacosmicaelita.com\/?page_id=2124"},"modified":"2024-10-02T11:15:07","modified_gmt":"2024-10-02T11:15:07","slug":"libros","status":"publish","type":"page","link":"https:\/\/mandalacosmicaelita.com\/index.php\/libros\/","title":{"rendered":"Libros"},"content":{"rendered":"\n<div style=\"height:30px\" aria-hidden=\"true\" class=\"wp-block-spacer\"><\/div>\n\n\n\n<h2 class=\"wp-block-heading has-text-align-center has-vivid-red-color has-text-color has-link-color wp-elements-b8eb50e7eacc15131b821675b5be618b\" style=\"font-size:30px\"><strong><em>Explorar el Saber Energ\u00e9tico Vibracional es&nbsp;<\/em><\/strong><\/h2>\n\n\n\n<h2 class=\"wp-block-heading has-text-align-center has-vivid-red-color has-text-color has-link-color wp-elements-5b3a272371c01cd41da7b5f24a77a689\" style=\"font-size:30px\"><strong><em>LA GRAN PUERTA a tu bienestar, salud y abundancia&nbsp;<\/em><\/strong><\/h2>\n\n\n\n<div style=\"height:50px\" aria-hidden=\"true\" class=\"wp-block-spacer\"><\/div>\n\n\n\n<h3 class=\"wp-block-heading has-luminous-vivid-amber-color has-text-color\"><strong>LIBROS<\/strong><\/h3>\n\n\n\n<p class=\"has-medium-font-size\"><em>En esta secci\u00f3n disfruta y conoce la g\u00e9nesis de c\u00f3mo fue que me inspir\u00e9 para empezar a escribir mis experiencias de vida, desde el apasionante mundo de la <\/em><strong><em>Alta Frecuencia Vibratoria.<\/em><\/strong>&nbsp;<\/p>\n\n\n\n<div class=\"wp-block-buttons is-layout-flex wp-block-buttons-is-layout-flex\">\n<div class=\"wp-block-button\"><a class=\"wp-block-button__link has-background wp-element-button\" href=\"https:\/\/mandalacosmicaelita.com\/index.php\/mi-audio-libro-las-once-llaves-magica-del-hooponopono\/\" style=\"background-color:#420398\"><strong>Audio Libro: LAS ONCE LLAVES M\u00c1GICAS DEL HO\u00b4OPONOPONO<\/strong><\/a><\/div>\n<\/div>\n\n\n\n<div class=\"wp-block-buttons is-layout-flex wp-block-buttons-is-layout-flex\">\n<div class=\"wp-block-button\"><a class=\"wp-block-button__link has-background wp-element-button\" href=\"https:\/\/mandalacosmicaelita.com\/index.php\/mi-libro-el-otro-camino-para-tu-salud\/\" style=\"background-color:#420398\"><strong> Libro:&nbsp; EL OTRO CAMINO PARA TU SALUD<\/strong><\/a><\/div>\n<\/div>\n","protected":false},"excerpt":{"rendered":"<p>Explorar el Saber Energ\u00e9tico Vibracional es&nbsp; LA GRAN PUERTA a tu bienestar, salud y abundancia&nbsp; LIBROS En esta secci\u00f3n disfruta y conoce la g\u00e9nesis de c\u00f3mo fue que me inspir\u00e9 para empezar a escribir mis experiencias de vida, desde el apasionante mundo de la Alta Frecuencia Vibratoria.&nbsp;<\/p>\n","protected":false},"author":1,"featured_media":0,"parent":0,"menu_order":0,"comment_status":"closed","ping_status":"closed","template":"","meta":{"site-sidebar-layout":"default","site-content-layout":"","ast-site-content-layout":"default","site-content-style":"default","site-sidebar-style":"default","ast-global-header-display":"","ast-banner-title-visibility":"","ast-main-header-display":"","ast-hfb-above-header-display":"","ast-hfb-below-header-display":"","ast-hfb-mobile-header-display":"","site-post-title":"","ast-breadcrumbs-content":"","ast-featured-img":"","footer-sml-layout":"","theme-transparent-header-meta":"","adv-header-id-meta":"","stick-header-meta":"","header-above-stick-meta":"","header-main-stick-meta":"","header-below-stick-meta":"","astra-migrate-meta-layouts":"set","ast-page-background-enabled":"default","ast-page-background-meta":{"desktop":{"background-color":"var(--ast-global-color-4)","background-image":"","background-repeat":"repeat","background-position":"center center","background-size":"auto","background-attachment":"scroll","background-type":"","background-media":"","overlay-type":"","overlay-color":"","overlay-opacity":"","overlay-gradient":""},"tablet":{"background-color":"","background-image":"","background-repeat":"repeat","background-position":"center center","background-size":"auto","background-attachment":"scroll","background-type":"","background-media":"","overlay-type":"","overlay-color":"","overlay-opacity":"","overlay-gradient":""},"mobile":{"background-color":"","background-image":"","background-repeat":"repeat","background-position":"center center","background-size":"auto","background-attachment":"scroll","background-type":"","background-media":"","overlay-type":"","overlay-color":"","overlay-opacity":"","overlay-gradient":""}},"ast-content-background-meta":{"desktop":{"background-color":"var(--ast-global-color-5)","background-image":"","background-repeat":"repeat","background-position":"center center","background-size":"auto","background-attachment":"scroll","background-type":"","background-media":"","overlay-type":"","overlay-color":"","overlay-opacity":"","overlay-gradient":""},"tablet":{"background-color":"var(--ast-global-color-5)","background-image":"","background-repeat":"repeat","background-position":"center center","background-size":"auto","background-attachment":"scroll","background-type":"","background-media":"","overlay-type":"","overlay-color":"","overlay-opacity":"","overlay-gradient":""},"mobile":{"background-color":"var(--ast-global-color-5)","background-image":"","background-repeat":"repeat","background-position":"center center","background-size":"auto","background-attachment":"scroll","background-type":"","background-media":"","overlay-type":"","overlay-color":"","overlay-opacity":"","overlay-gradient":""}},"footnotes":""},"class_list":["post-2124","page","type-page","status-publish","hentry"],"_links":{"self":[{"href":"https:\/\/mandalacosmicaelita.com\/index.php\/wp-json\/wp\/v2\/pages\/2124","targetHints":{"allow":["GET"]}}],"collection":[{"href":"https:\/\/mandalacosmicaelita.com\/index.php\/wp-json\/wp\/v2\/pages"}],"about":[{"href":"https:\/\/mandalacosmicaelita.com\/index.php\/wp-json\/wp\/v2\/types\/page"}],"author":[{"embeddable":true,"href":"https:\/\/mandalacosmicaelita.com\/index.php\/wp-json\/wp\/v2\/users\/1"}],"replies":[{"embeddable":true,"href":"https:\/\/mandalacosmicaelita.com\/index.php\/wp-json\/wp\/v2\/comments?post=2124"}],"version-history":[{"count":8,"href":"https:\/\/mandalacosmicaelita.com\/index.php\/wp-json\/wp\/v2\/pages\/2124\/revisions"}],"predecessor-version":[{"id":2275,"href":"https:\/\/mandalacosmicaelita.com\/index.php\/wp-json\/wp\/v2\/pages\/2124\/revisions\/2275"}],"wp:attachment":[{"href":"https:\/\/mandalacosmicaelita.com\/index.php\/wp-json\/wp\/v2\/media?parent=2124"}],"curies":[{"name":"wp","href":"https:\/\/api.w.org\/{rel}","templated":true}]}}