{"id":170,"date":"2023-02-06T13:23:35","date_gmt":"2023-02-06T13:23:35","guid":{"rendered":"http:\/\/localhost\/web\/?page_id=170"},"modified":"2025-11-24T01:44:52","modified_gmt":"2025-11-24T01:44:52","slug":"servicios-2","status":"publish","type":"page","link":"https:\/\/mandalacosmicaelita.com\/index.php\/servicios-2\/","title":{"rendered":"Salud Energ\u00e9tica Vibracional"},"content":{"rendered":"\n<div style=\"height:30px\" aria-hidden=\"true\" class=\"wp-block-spacer\"><\/div>\n\n\n\n<h2 class=\"wp-block-heading has-text-align-center has-vivid-red-color has-text-color has-link-color wp-elements-b8eb50e7eacc15131b821675b5be618b\" style=\"font-size:30px\"><strong><em>Explorar el Saber Energ\u00e9tico Vibracional es&nbsp;<\/em><\/strong><\/h2>\n\n\n\n<h2 class=\"wp-block-heading has-text-align-center has-vivid-red-color has-text-color has-link-color wp-elements-5b3a272371c01cd41da7b5f24a77a689\" style=\"font-size:30px\"><strong><em>LA GRAN PUERTA a tu bienestar, salud y abundancia&nbsp;<\/em><\/strong><\/h2>\n\n\n\n<div style=\"height:50px\" aria-hidden=\"true\" class=\"wp-block-spacer\"><\/div>\n\n\n\n<h3 class=\"wp-block-heading has-luminous-vivid-amber-color has-text-color\"><strong>SALUD ENERG\u00c9TICA VIBRACIONAL<\/strong><\/h3>\n\n\n\n<figure class=\"wp-block-audio\"><audio controls src=\"http:\/\/mandalacosmicaelita.com\/wp-content\/uploads\/2024\/10\/SEV.mp4\"><\/audio><\/figure>\n\n\n\n<figure class=\"wp-block-image aligncenter size-full\"><img loading=\"lazy\" decoding=\"async\" width=\"743\" height=\"671\" src=\"https:\/\/mandalacosmicaelita.com\/wp-content\/uploads\/2024\/10\/SEV-Pergamino.jpg\" alt=\"\" class=\"wp-image-2243\" srcset=\"https:\/\/mandalacosmicaelita.com\/wp-content\/uploads\/2024\/10\/SEV-Pergamino.jpg 743w, https:\/\/mandalacosmicaelita.com\/wp-content\/uploads\/2024\/10\/SEV-Pergamino-300x271.jpg 300w\" sizes=\"auto, (max-width: 743px) 100vw, 743px\" \/><\/figure>\n\n\n\n<div style=\"height:50px\" aria-hidden=\"true\" class=\"wp-block-spacer\"><\/div>\n\n\n\n<h3 class=\"wp-block-heading has-vivid-red-color has-text-color\"><strong><em><strong><em>PROGRAMAS DE EQUILIBRIO ENERG\u00c9TICO<\/em><\/strong><\/em><\/strong><\/h3>\n\n\n\n<figure class=\"wp-block-image aligncenter size-full\"><img loading=\"lazy\" decoding=\"async\" width=\"483\" height=\"573\" src=\"https:\/\/mandalacosmicaelita.com\/wp-content\/uploads\/2024\/10\/SEV-Corazon.jpg\" alt=\"\" class=\"wp-image-2248\" srcset=\"https:\/\/mandalacosmicaelita.com\/wp-content\/uploads\/2024\/10\/SEV-Corazon.jpg 483w, https:\/\/mandalacosmicaelita.com\/wp-content\/uploads\/2024\/10\/SEV-Corazon-253x300.jpg 253w\" sizes=\"auto, (max-width: 483px) 100vw, 483px\" \/><\/figure>\n\n\n\n<figure class=\"wp-block-image aligncenter size-full is-resized\"><img loading=\"lazy\" decoding=\"async\" width=\"741\" height=\"529\" src=\"https:\/\/mandalacosmicaelita.com\/wp-content\/uploads\/2024\/10\/SEV-Pergamino2.jpg\" alt=\"\" class=\"wp-image-2245\" style=\"width:581px;height:auto\" srcset=\"https:\/\/mandalacosmicaelita.com\/wp-content\/uploads\/2024\/10\/SEV-Pergamino2.jpg 741w, https:\/\/mandalacosmicaelita.com\/wp-content\/uploads\/2024\/10\/SEV-Pergamino2-300x214.jpg 300w\" sizes=\"auto, (max-width: 741px) 100vw, 741px\" \/><\/figure>\n\n\n\n<div style=\"height:50px\" aria-hidden=\"true\" class=\"wp-block-spacer\"><\/div>\n\n\n\n<h4 class=\"wp-block-heading has-text-align-center has-vivid-red-color has-text-color\"><strong><em><strong><em>SALUD ENERG\u00c9TICA VIBRACIONAL&nbsp;<\/em><\/strong><\/em><\/strong><\/h4>\n\n\n\n<h4 class=\"wp-block-heading has-text-align-center has-vivid-red-color has-text-color\"><strong><em><strong><em>&nbsp; NO ES UN TRATAMIENTO&nbsp;<\/em><\/strong><\/em><\/strong><\/h4>\n\n\n\n<h4 class=\"wp-block-heading has-text-align-center has-vivid-red-color has-text-color\"><strong><em><strong><em>ES UN&nbsp;&nbsp;<\/em><\/strong><\/em><\/strong><\/h4>\n\n\n\n<h3 class=\"wp-block-heading has-text-align-center has-vivid-red-color has-text-color\"><strong><em><strong><em>A  PREN  DI  ZA  JE&nbsp;<\/em><\/strong><\/em><\/strong><\/h3>\n\n\n\n<div style=\"height:50px\" aria-hidden=\"true\" class=\"wp-block-spacer\"><\/div>\n\n\n\n<p><em>Disfruta, sorpr\u00e9ndete y regoc\u00edjate con las <\/em><strong><em>opciones virtuales y presenciales <\/em><\/strong><em>para todas tus necesidades de <\/em><strong><em>Equilibrio<\/em><\/strong><em> <\/em><strong><em>Energ\u00e9tico Vibracional f\u00edsico, mental, emocional y espiritual.<\/em><\/strong>&nbsp;<\/p>\n\n\n\n<p><strong><em>Encontrar\u00e1s una rica variedad de propuestas que van desde la atenci\u00f3n individual, de familia (padres e hijos), hasta las de parejas.<\/em><\/strong>&nbsp;<\/p>\n\n\n\n<p><strong><em>Todos estos Programas tienen varios aspectos en com\u00fan:<\/em><\/strong>&nbsp;<\/p>\n\n\n\n<p><strong><em>1.- SON 100 % NATURALES<\/em><\/strong>&nbsp;<\/p>\n\n\n\n<p><strong><em>2.- SIN QU\u00cdMICOS, NI F\u00c1RMACOS DE NING\u00daN TIPO<\/em><\/strong>&nbsp;<\/p>\n\n\n\n<p><strong><em>3.- SON INDOLOROS<\/em><\/strong>&nbsp;<\/p>\n\n\n\n<p><strong><em>4.- SIN AGRESIONES F\u00cdSICAS, NI EMOCIONALES<\/em><\/strong>&nbsp;<\/p>\n\n\n\n<p><strong><em>5.- TOTALMENTE PERSONALIZADO<\/em><\/strong>&nbsp;<\/p>\n\n\n\n<p><strong><em>6.- ACT\u00daAN COMO COLABORADORES ACTIVOS DEL SISTEMA CL\u00cdNICO.<\/em><\/strong>&nbsp;<\/p>\n\n\n\n<p><strong><em>7.- SON DE REACCI\u00d3N INMEDIATA YA QUE RESPONDEN A LA INTELIGENCIA DIVINA DEL PROPIO CUERPO, DE AH\u00cd ENTONCES PODEMOS HABLAR DE LA EFICIENCIA Y EFECTIVIDAD DE SUS RESULTADOS SIN RIESGOS COLATERALES.<\/em><\/strong>&nbsp;<\/p>\n\n\n\n<p><strong><em>8.- SON DE \u201cRESULTADO INTEGRAL\u201d VALE DECIR, NO MEJORAN \u201cSOLO\u201d EL \u00d3RGANO O SISTEMA QUE ESTABA ENFERMO, SU RESPUESTA ES DE UNA SANACI\u00d3N TOTAL EN TODO TU CUERPO Y EN TODOS LOS PLANOS.<\/em><\/strong>&nbsp;<\/p>\n\n\n\n<p><strong><em>LA SANACI\u00d3N ENERG\u00c9TICA NO DISCRIMINA LA SALUD POR PARTES DEL CUERPO.&nbsp;&nbsp;<\/em><\/strong>&nbsp;<\/p>\n\n\n\n<p><strong><em>9.- TAMPOCO DISCRIMINAN RESULTADOS POR SEXO, NI EDAD.<\/em><\/strong>&nbsp;<\/p>\n\n\n\n<p><strong><em>10.- SON PROCESOS DESINTOXICANTES F\u00cdSICOS Y EMOCIONALES.<\/em><\/strong>&nbsp;<\/p>\n\n\n\n<p><strong><em>11.- SON REVITALIZANTES.<\/em><\/strong>&nbsp;<\/p>\n\n\n\n<p><strong><em>12.- SON REJUVENECEDORES.<\/em><\/strong>&nbsp;<\/p>\n\n\n\n<p><strong><em>13.- MEJORAN NOTABLEMENTE LA APARIENCIA DE LA PIEL.<\/em><\/strong>&nbsp;<\/p>\n\n\n\n<p class=\"has-vivid-red-color has-text-color has-link-color wp-elements-0fe207a3794471d13fe1db74150b8414\"><strong><em>14.- <\/em><\/strong><strong><em>CADA PROGRAMA ES UN APRENDIZAJE QUE SE VIVE DESDE LA EXPERIENCIA<\/em><\/strong><strong><em>,<\/em><\/strong><strong><em> EN UN ENTORNO AMIGABLE, EMP\u00c1TICO, ACOGEDOR.<\/em><\/strong>&nbsp;<\/p>\n\n\n\n<p><strong><em>15.- EL APRENDIZAJE SE HACE DESDE EL CONSCIENTE PARA MODIFICAR TAMBIEN EL SUBCONSCIENTE Y ELIMINAR PARADIGMAS, CREENCIAS LIMITANTES, APEGOS ENFERMIZOS, ETC.<\/em><\/strong>&nbsp;<\/p>\n\n\n\n<p><strong><em>16.- SON CONOCIMIENTOS QUE QUEDAN CON EL PACIENTE, PARA QUE LOS PUEDAN REPETIR LAS VECES QUE SEA NECESARIO.<\/em><\/strong>&nbsp;<\/p>\n\n\n\n<p><strong><em>17.- ESTOS APRENDIZAJES EST\u00c1N RESPALDADOS POR LAS EVIDENCIAS DE FOTOGRAF\u00cdAS, AUDIOS, VIDEOS FICHAS DE EXPERIENCIAS DIARIAS PERSONALES QUE SON SUS FIELES TESTIGOS&nbsp;<\/em><\/strong>&nbsp;<\/p>\n\n\n\n<p><strong><em>18.&nbsp; POR LO TANTO SE VUELVEN TAMBI\u00c9N GU\u00cdAS DE SU FAMILIA EN EL MANEJO VIBRACIONAL.<\/em><\/strong>&nbsp;<\/p>\n\n\n\n<p><strong><em>19.-&nbsp;&nbsp; ESTOS&nbsp; \u201cAPRENDIZAJES\u201d SON TOTALMENTE COMPLEMENTARIOS A LAS INDICACIONES M\u00c9DICAS, YA QUE NO SE RETIRAN, NI MODIFICAN DE MODO ALGUNO LOS MEDICAMENTOS INDICADOS EN CANTIDAD, NI HORARIOS.<\/em><\/strong>&nbsp;<\/p>\n\n\n\n<p><strong><em>20.-&nbsp; SE RECOMIENDA VISITAR A SU M\u00c9DICO TRATANTE PARA QUE SEA EL QUIEN DETERMINE EL NUEVO PROTOCOLO CL\u00cdNICO DESPU\u00c9S DE LOS 30 D\u00cdAS EN QUE HEMOS TERMINADO LOS PROGRAMAS DE APRENDIZAJE; ESTO EN ATENCI\u00d3N A QUE ES EL TIEMPO QUE NECESITA EL CUERPO HUMANO PARA \u201cINTERNALIZAR\u201d LA MODIFICACI\u00d3N DE LA NUEVA ESTRUCTURA CELULAR, EMOCIONAL Y NEURONAL DE LA PERSONA TRATADA, Y POR ENDE EL NUEVO \u201cPANORAMA CL\u00cdNICO\u201d<\/em><\/strong>&nbsp;<\/p>\n\n\n\n<div class=\"wp-block-columns is-layout-flex wp-container-core-columns-is-layout-28f84493 wp-block-columns-is-layout-flex\">\n<div class=\"wp-block-column is-layout-flow wp-block-column-is-layout-flow\">\n<p class=\"has-text-align-left has-large-font-size\"><strong>Programas<\/strong><\/p>\n\n\n\n<div class=\"wp-block-buttons is-layout-flex wp-block-buttons-is-layout-flex\">\n<div class=\"wp-block-button\"><a class=\"wp-block-button__link has-white-color has-text-color has-background wp-element-button\" href=\"https:\/\/mandalacosmicaelita.com\/index.php\/inteligencia-energetica\/\" style=\"background-color:#420398\"><strong>Inteligencia Energ\u00e9tica Vibrational Empresarial<\/strong><\/a><\/div>\n<\/div>\n\n\n\n<div class=\"wp-block-buttons is-layout-flex wp-block-buttons-is-layout-flex\">\n<div class=\"wp-block-button\"><a class=\"wp-block-button__link has-white-color has-text-color has-background wp-element-button\" href=\"https:\/\/mandalacosmicaelita.com\/index.php\/bienestar-al-instante\/\" style=\"background-color:#420398\"><strong>Bienestar al Instante desde la Alta Vibraci\u00f3n Energ\u00e9tica<\/strong><\/a><\/div>\n<\/div>\n\n\n\n<div class=\"wp-block-buttons is-layout-flex wp-block-buttons-is-layout-flex\">\n<div class=\"wp-block-button\"><a class=\"wp-block-button__link has-white-color has-text-color has-background wp-element-button\" href=\"https:\/\/mandalacosmicaelita.com\/index.php\/programa-super-salud-sonada\/\" style=\"background-color:#420398\"><strong>S\u00faper Salud So\u00f1ada<\/strong><\/a><\/div>\n<\/div>\n\n\n\n<div class=\"wp-block-buttons is-layout-flex wp-block-buttons-is-layout-flex\">\n<div class=\"wp-block-button\"><a class=\"wp-block-button__link has-white-color has-text-color has-background has-text-align-center wp-element-button\" href=\"https:\/\/mandalacosmicaelita.com\/index.php\/vigor-sexual-7-0\/\" style=\"background-color:#420398\"><strong>Vigor Sexual 7.0<\/strong><\/a><\/div>\n<\/div>\n\n\n\n<div class=\"wp-block-buttons is-layout-flex wp-block-buttons-is-layout-flex\">\n<div class=\"wp-block-button\"><a class=\"wp-block-button__link has-white-color has-text-color has-background has-text-align-center wp-element-button\" href=\"https:\/\/mandalacosmicaelita.com\/index.php\/vibraalta-club\/\" style=\"background-color:#420398\"><strong>VibaAlta Ja-Ja Penning<\/strong><\/a><\/div>\n<\/div>\n\n\n\n<div class=\"wp-block-buttons is-layout-flex wp-block-buttons-is-layout-flex\">\n<div class=\"wp-block-button\"><a class=\"wp-block-button__link has-white-color has-text-color has-background wp-element-button\" href=\"https:\/\/mandalacosmicaelita.com\/index.php\/programa-re-programate-para-el-cambio\/\" style=\"background-color:#420398\"><strong>Reprogr\u00e1mate para el Cambio<\/strong><\/a><\/div>\n<\/div>\n<\/div>\n<\/div>\n","protected":false},"excerpt":{"rendered":"<p>Explorar el Saber Energ\u00e9tico Vibracional es&nbsp; LA GRAN PUERTA a tu bienestar, salud y abundancia&nbsp; SALUD ENERG\u00c9TICA VIBRACIONAL PROGRAMAS DE EQUILIBRIO ENERG\u00c9TICO SALUD ENERG\u00c9TICA VIBRACIONAL&nbsp; &nbsp; NO ES UN TRATAMIENTO&nbsp; ES UN&nbsp;&nbsp; A PREN DI ZA JE&nbsp; Disfruta, sorpr\u00e9ndete y regoc\u00edjate con las opciones virtuales y presenciales para todas tus necesidades de Equilibrio Energ\u00e9tico Vibracional [&hellip;]<\/p>\n","protected":false},"author":1,"featured_media":0,"parent":0,"menu_order":0,"comment_status":"closed","ping_status":"closed","template":"","meta":{"site-sidebar-layout":"default","site-content-layout":"","ast-site-content-layout":"default","site-content-style":"default","site-sidebar-style":"default","ast-global-header-display":"","ast-banner-title-visibility":"","ast-main-header-display":"","ast-hfb-above-header-display":"","ast-hfb-below-header-display":"","ast-hfb-mobile-header-display":"","site-post-title":"","ast-breadcrumbs-content":"","ast-featured-img":"","footer-sml-layout":"","theme-transparent-header-meta":"","adv-header-id-meta":"","stick-header-meta":"","header-above-stick-meta":"","header-main-stick-meta":"","header-below-stick-meta":"","astra-migrate-meta-layouts":"set","ast-page-background-enabled":"default","ast-page-background-meta":{"desktop":{"background-color":"var(--ast-global-color-4)","background-image":"","background-repeat":"repeat","background-position":"center center","background-size":"auto","background-attachment":"scroll","background-type":"","background-media":"","overlay-type":"","overlay-color":"","overlay-opacity":"","overlay-gradient":""},"tablet":{"background-color":"","background-image":"","background-repeat":"repeat","background-position":"center center","background-size":"auto","background-attachment":"scroll","background-type":"","background-media":"","overlay-type":"","overlay-color":"","overlay-opacity":"","overlay-gradient":""},"mobile":{"background-color":"","background-image":"","background-repeat":"repeat","background-position":"center center","background-size":"auto","background-attachment":"scroll","background-type":"","background-media":"","overlay-type":"","overlay-color":"","overlay-opacity":"","overlay-gradient":""}},"ast-content-background-meta":{"desktop":{"background-color":"var(--ast-global-color-5)","background-image":"","background-repeat":"repeat","background-position":"center center","background-size":"auto","background-attachment":"scroll","background-type":"","background-media":"","overlay-type":"","overlay-color":"","overlay-opacity":"","overlay-gradient":""},"tablet":{"background-color":"var(--ast-global-color-5)","background-image":"","background-repeat":"repeat","background-position":"center center","background-size":"auto","background-attachment":"scroll","background-type":"","background-media":"","overlay-type":"","overlay-color":"","overlay-opacity":"","overlay-gradient":""},"mobile":{"background-color":"var(--ast-global-color-5)","background-image":"","background-repeat":"repeat","background-position":"center center","background-size":"auto","background-attachment":"scroll","background-type":"","background-media":"","overlay-type":"","overlay-color":"","overlay-opacity":"","overlay-gradient":""}},"footnotes":""},"class_list":["post-170","page","type-page","status-publish","hentry"],"_links":{"self":[{"href":"https:\/\/mandalacosmicaelita.com\/index.php\/wp-json\/wp\/v2\/pages\/170","targetHints":{"allow":["GET"]}}],"collection":[{"href":"https:\/\/mandalacosmicaelita.com\/index.php\/wp-json\/wp\/v2\/pages"}],"about":[{"href":"https:\/\/mandalacosmicaelita.com\/index.php\/wp-json\/wp\/v2\/types\/page"}],"author":[{"embeddable":true,"href":"https:\/\/mandalacosmicaelita.com\/index.php\/wp-json\/wp\/v2\/users\/1"}],"replies":[{"embeddable":true,"href":"https:\/\/mandalacosmicaelita.com\/index.php\/wp-json\/wp\/v2\/comments?post=170"}],"version-history":[{"count":39,"href":"https:\/\/mandalacosmicaelita.com\/index.php\/wp-json\/wp\/v2\/pages\/170\/revisions"}],"predecessor-version":[{"id":2395,"href":"https:\/\/mandalacosmicaelita.com\/index.php\/wp-json\/wp\/v2\/pages\/170\/revisions\/2395"}],"wp:attachment":[{"href":"https:\/\/mandalacosmicaelita.com\/index.php\/wp-json\/wp\/v2\/media?parent=170"}],"curies":[{"name":"wp","href":"https:\/\/api.w.org\/{rel}","templated":true}]}}