{"id":162,"date":"2023-02-06T13:12:23","date_gmt":"2023-02-06T13:12:23","guid":{"rendered":"http:\/\/localhost\/web\/?page_id=162"},"modified":"2024-10-16T01:21:35","modified_gmt":"2024-10-16T01:21:35","slug":"acerca-de-mi","status":"publish","type":"page","link":"https:\/\/mandalacosmicaelita.com\/index.php\/acerca-de-mi\/","title":{"rendered":"Yo Soy"},"content":{"rendered":"\n<div class=\"inherit-container-width wp-block-group alignfull has-ti-fg-alt-background-color has-background is-layout-constrained wp-block-group-is-layout-constrained\">\n<h2 class=\"wp-block-heading has-text-align-center has-vivid-red-color has-text-color has-link-color wp-elements-b8eb50e7eacc15131b821675b5be618b\" style=\"font-size:30px\"><strong><em>Explorar el Saber Energ\u00e9tico Vibracional es&nbsp;<\/em><\/strong><\/h2>\n\n\n\n<h2 class=\"wp-block-heading has-text-align-center has-vivid-red-color has-text-color has-link-color wp-elements-5b3a272371c01cd41da7b5f24a77a689\" style=\"font-size:30px\"><strong><em>LA GRAN PUERTA a tu bienestar, salud y abundancia&nbsp;<\/em><\/strong><\/h2>\n\n\n\n<div style=\"height:50px\" aria-hidden=\"true\" class=\"wp-block-spacer\"><\/div>\n\n\n\n<h3 class=\"wp-block-heading has-luminous-vivid-amber-color has-text-color\"><strong>YO SOY<\/strong><\/h3>\n\n\n\n<h4 class=\"wp-block-heading has-text-align-left has-vivid-red-color has-text-color\"><strong><em>HOLA, BIENVENID@S:<\/em><\/strong><\/h4>\n\n\n\n<div class=\"wp-block-cover\"><span aria-hidden=\"true\" class=\"wp-block-cover__background has-background-dim-10 has-background-dim\"><\/span><img loading=\"lazy\" decoding=\"async\" width=\"1032\" height=\"774\" class=\"wp-block-cover__image-background wp-image-873\" alt=\"\" src=\"http:\/\/mandalacosmicaelita.com\/wp-content\/uploads\/2023\/04\/Acerca-de-Mi-ECA1.jpg\" data-object-fit=\"cover\" srcset=\"https:\/\/mandalacosmicaelita.com\/wp-content\/uploads\/2023\/04\/Acerca-de-Mi-ECA1.jpg 1032w, https:\/\/mandalacosmicaelita.com\/wp-content\/uploads\/2023\/04\/Acerca-de-Mi-ECA1-300x225.jpg 300w, https:\/\/mandalacosmicaelita.com\/wp-content\/uploads\/2023\/04\/Acerca-de-Mi-ECA1-1024x768.jpg 1024w, https:\/\/mandalacosmicaelita.com\/wp-content\/uploads\/2023\/04\/Acerca-de-Mi-ECA1-768x576.jpg 768w\" sizes=\"auto, (max-width: 1032px) 100vw, 1032px\" \/><div class=\"wp-block-cover__inner-container is-layout-flow wp-block-cover-is-layout-flow\">\n<p class=\"has-text-align-left has-luminous-vivid-amber-color has-text-color has-link-color has-medium-font-size wp-elements-f5adc7d40a44ee709a0892d9f053c67a\"><a href=\"https:\/\/mandalacosmicaelita.com\/index.php\/ho-oponopono-y-mas\/\"><strong>Accede aqu\u00ed a los <\/strong><\/a><\/p>\n\n\n\n<p class=\"has-text-align-left has-luminous-vivid-amber-color has-text-color has-link-color has-medium-font-size wp-elements-d13134ccd5e80fc2c252a4fde658bf7b\"><a href=\"https:\/\/mandalacosmicaelita.com\/index.php\/ho-oponopono-y-mas\/\"><strong>9 videos gratuitos <\/strong><\/a><\/p>\n\n\n\n<p class=\"has-text-align-left has-luminous-vivid-amber-color has-text-color has-link-color has-medium-font-size wp-elements-1f14a4c83f20615a048b0f9ecae9cb4c\"><a href=\"https:\/\/mandalacosmicaelita.com\/index.php\/ho-oponopono-y-mas\/\"><strong>para conocer tu poder<\/strong><\/a><\/p>\n<\/div><\/div>\n\n\n\n<div style=\"height:50px\" aria-hidden=\"true\" class=\"wp-block-spacer\"><\/div>\n\n\n\n<figure class=\"wp-block-audio\"><audio controls src=\"http:\/\/mandalacosmicaelita.com\/wp-content\/uploads\/2024\/10\/YoSoy.mp4\"><\/audio><\/figure>\n\n\n\n<p class=\"has-medium-font-size\"><em>Desde lo m\u00e1s Alto de mi Esp\u00edritu,&nbsp;<strong>desde MI YO SUPERIOR<\/strong>&nbsp;te saludo&nbsp;<strong>a t\u00cd a TU YO SUPERIOR con Amor, respeto, alegr\u00eda, gratitud y confianza<\/strong>&nbsp;en que juntos alcancemos <strong>la Paz que ilumine nuestras vidas.<\/strong><\/em><\/p>\n\n\n\n<p class=\"has-custom-color-1-color has-text-color has-medium-font-size\"><em>Mi nombre es Elizabeth Canales Astroza, chilena, casada, tres hijos.&nbsp;<\/em><\/p>\n\n\n\n<p class=\"has-medium-font-size\">Me defino como una mujer valiente, creativa, so\u00f1adora, perseverante, audaz, proactiva, muy alegre, entusiasta, trabajadora, agradecida, amable y afectuosa<strong> <em>que amo intensamente la vida.<\/em><\/strong><\/p>\n\n\n\n<p class=\"has-medium-font-size\"><strong><em>Aun cuando fui educada en un marco tradicional como la mayor\u00eda de los occidentales, preparada para: HACER y TENER mi quehacer estuvo en el \u00e1rea Ejecutiva de Negocios desde la cual obtuve importantes recompensas econ\u00f3micas y gratificantes reconocimientos; pero tambi\u00e9n te debo decir que desde peque\u00f1a hab\u00edan muchas situaciones que no se me hac\u00edan l\u00f3gicas, me parec\u00edan contradictorias. Como por ejemplo que Dios era Amor, pero me castigar\u00eda muy duro si yo me equivocaba o no hac\u00eda bien las cosas o como me \u201cmandaban mis mayores\u201d y yo ve\u00eda sus injusticias en muchos de ellos.<\/em><\/strong>&nbsp;<\/p>\n\n\n\n<p class=\"has-medium-font-size\"><strong><em>En fin, como todos yo tambi\u00e9n empec\u00e9 a jugar en el \u201ccarrusel de la vida\u201d a veces arriba, a veces abajo; hasta que un d\u00eda que ya estaba marcado asum\u00ed mi verdadero Rol y naci\u00f3 una sed infinita de \u201cinformaci\u00f3n\u201d de todo aquello sobre lo cual nunca hab\u00eda tenido respuestas, mi alma me ped\u00eda aprender ahora a \u201cSER\u201d y as\u00ed empec\u00e9 un largo camino en el ya llevo m\u00e1s de 20 a\u00f1os, &nbsp;en los cuales he empapado \u201ctodos mis sentidos\u201d, por eso, he sido bendecida con tantos y variados dones, de los que yo&nbsp;he sido la primera \u201csorprendida\u201d.<\/em><\/strong><\/p>\n\n\n\n<figure class=\"wp-block-image aligncenter size-full is-resized\"><img loading=\"lazy\" decoding=\"async\" width=\"709\" height=\"839\" src=\"http:\/\/mandalacosmicaelita.com\/wp-content\/uploads\/2023\/04\/AdM-Pergamino-6b.jpg\" alt=\"\" class=\"wp-image-894\" style=\"width:532px\" srcset=\"https:\/\/mandalacosmicaelita.com\/wp-content\/uploads\/2023\/04\/AdM-Pergamino-6b.jpg 709w, https:\/\/mandalacosmicaelita.com\/wp-content\/uploads\/2023\/04\/AdM-Pergamino-6b-254x300.jpg 254w\" sizes=\"auto, (max-width: 709px) 100vw, 709px\" \/><\/figure>\n\n\n\n<p class=\"has-medium-font-size\"><strong><em>Ahora todo esto me permite compartir con Uds. este apasionante recorrido virtual por la variadas VITRINAS ENERG\u00c9TICAS DE ALTA FRECUENCIA DE VIBRATORIA.<\/em><\/strong>\u00a0<\/p>\n\n\n\n<p class=\"has-medium-font-size\"><strong><em>La pr\u00e1ctica y riqueza del Nuevo Estado de Consciencia son las herramientas que hemos usado muchas otras personas y yo para revertir la cara del Temor y todos sus acompa\u00f1antes. Transform\u00e1ndolos en AMOR y sus grandiosos resultados.<\/em><\/strong>\u00a0<\/p>\n\n\n\n<p class=\"has-medium-font-size\"><strong><em>Me hace inmensamente feliz estar ahora ah\u00ed contigo y decirte que esa situaci\u00f3n, la que sea, de la \u00edndole u origen que sea, que te ha agobiado tanto y\/o quiz\u00e1s te sigue agobiando TIENE SOLUCI\u00d3N&#8230; \u00a1AQU\u00cd Y AHORA!&nbsp;<\/em><\/strong>&nbsp;<\/p>\n\n\n\n<figure class=\"wp-block-image aligncenter size-full\"><img loading=\"lazy\" decoding=\"async\" width=\"503\" height=\"569\" src=\"https:\/\/mandalacosmicaelita.com\/wp-content\/uploads\/2024\/10\/YoSoy-Corazon.jpg\" alt=\"\" class=\"wp-image-2253\" srcset=\"https:\/\/mandalacosmicaelita.com\/wp-content\/uploads\/2024\/10\/YoSoy-Corazon.jpg 503w, https:\/\/mandalacosmicaelita.com\/wp-content\/uploads\/2024\/10\/YoSoy-Corazon-265x300.jpg 265w\" sizes=\"auto, (max-width: 503px) 100vw, 503px\" \/><\/figure>\n\n\n\n<p><\/p>\n\n\n\n<p class=\"has-text-align-center has-vivid-cyan-blue-color has-text-color has-medium-font-size\"><strong><em>CERTIFICACI\u00d3N<\/em><\/strong><\/p>\n\n\n\n<p class=\"has-text-align-center has-vivid-cyan-blue-color has-text-color has-medium-font-size\"><strong><em>&nbsp;SEREMI DE SALUD DE CHILE<\/em><\/strong><\/p>\n\n\n\n<p class=\"has-text-align-center has-vivid-cyan-blue-color has-text-color has-medium-font-size\"><strong><em>N\u00b0 124 D.S. 42\/2004<\/em><\/strong><\/p>\n\n\n\n<div style=\"height:49px\" aria-hidden=\"true\" class=\"wp-block-spacer\"><\/div>\n\n\n\n<p><\/p>\n<\/div>\n\n\n\n<p><\/p>\n","protected":false},"excerpt":{"rendered":"<p>Explorar el Saber Energ\u00e9tico Vibracional es&nbsp; LA GRAN PUERTA a tu bienestar, salud y abundancia&nbsp; YO SOY HOLA, BIENVENID@S: Desde lo m\u00e1s Alto de mi Esp\u00edritu,&nbsp;desde MI YO SUPERIOR&nbsp;te saludo&nbsp;a t\u00cd a TU YO SUPERIOR con Amor, respeto, alegr\u00eda, gratitud y confianza&nbsp;en que juntos alcancemos la Paz que ilumine nuestras vidas. Mi nombre es Elizabeth [&hellip;]<\/p>\n","protected":false},"author":1,"featured_media":0,"parent":0,"menu_order":0,"comment_status":"closed","ping_status":"closed","template":"","meta":{"site-sidebar-layout":"default","site-content-layout":"","ast-site-content-layout":"default","site-content-style":"default","site-sidebar-style":"default","ast-global-header-display":"","ast-banner-title-visibility":"","ast-main-header-display":"","ast-hfb-above-header-display":"","ast-hfb-below-header-display":"","ast-hfb-mobile-header-display":"","site-post-title":"","ast-breadcrumbs-content":"","ast-featured-img":"","footer-sml-layout":"","theme-transparent-header-meta":"","adv-header-id-meta":"","stick-header-meta":"","header-above-stick-meta":"","header-main-stick-meta":"","header-below-stick-meta":"","astra-migrate-meta-layouts":"set","ast-page-background-enabled":"default","ast-page-background-meta":{"desktop":{"background-color":"var(--ast-global-color-4)","background-image":"","background-repeat":"repeat","background-position":"center center","background-size":"auto","background-attachment":"scroll","background-type":"","background-media":"","overlay-type":"","overlay-color":"","overlay-opacity":"","overlay-gradient":""},"tablet":{"background-color":"","background-image":"","background-repeat":"repeat","background-position":"center center","background-size":"auto","background-attachment":"scroll","background-type":"","background-media":"","overlay-type":"","overlay-color":"","overlay-opacity":"","overlay-gradient":""},"mobile":{"background-color":"","background-image":"","background-repeat":"repeat","background-position":"center center","background-size":"auto","background-attachment":"scroll","background-type":"","background-media":"","overlay-type":"","overlay-color":"","overlay-opacity":"","overlay-gradient":""}},"ast-content-background-meta":{"desktop":{"background-color":"var(--ast-global-color-5)","background-image":"","background-repeat":"repeat","background-position":"center center","background-size":"auto","background-attachment":"scroll","background-type":"","background-media":"","overlay-type":"","overlay-color":"","overlay-opacity":"","overlay-gradient":""},"tablet":{"background-color":"var(--ast-global-color-5)","background-image":"","background-repeat":"repeat","background-position":"center center","background-size":"auto","background-attachment":"scroll","background-type":"","background-media":"","overlay-type":"","overlay-color":"","overlay-opacity":"","overlay-gradient":""},"mobile":{"background-color":"var(--ast-global-color-5)","background-image":"","background-repeat":"repeat","background-position":"center center","background-size":"auto","background-attachment":"scroll","background-type":"","background-media":"","overlay-type":"","overlay-color":"","overlay-opacity":"","overlay-gradient":""}},"footnotes":""},"class_list":["post-162","page","type-page","status-publish","hentry"],"_links":{"self":[{"href":"https:\/\/mandalacosmicaelita.com\/index.php\/wp-json\/wp\/v2\/pages\/162","targetHints":{"allow":["GET"]}}],"collection":[{"href":"https:\/\/mandalacosmicaelita.com\/index.php\/wp-json\/wp\/v2\/pages"}],"about":[{"href":"https:\/\/mandalacosmicaelita.com\/index.php\/wp-json\/wp\/v2\/types\/page"}],"author":[{"embeddable":true,"href":"https:\/\/mandalacosmicaelita.com\/index.php\/wp-json\/wp\/v2\/users\/1"}],"replies":[{"embeddable":true,"href":"https:\/\/mandalacosmicaelita.com\/index.php\/wp-json\/wp\/v2\/comments?post=162"}],"version-history":[{"count":44,"href":"https:\/\/mandalacosmicaelita.com\/index.php\/wp-json\/wp\/v2\/pages\/162\/revisions"}],"predecessor-version":[{"id":2379,"href":"https:\/\/mandalacosmicaelita.com\/index.php\/wp-json\/wp\/v2\/pages\/162\/revisions\/2379"}],"wp:attachment":[{"href":"https:\/\/mandalacosmicaelita.com\/index.php\/wp-json\/wp\/v2\/media?parent=162"}],"curies":[{"name":"wp","href":"https:\/\/api.w.org\/{rel}","templated":true}]}}